{"id":764,"date":"2017-11-21T10:40:35","date_gmt":"2017-11-21T09:40:35","guid":{"rendered":"http:\/\/www.traumanetzsalzburg.at\/tnw2015\/?page_id=764"},"modified":"2017-11-23T12:25:33","modified_gmt":"2017-11-23T11:25:33","slug":"universitaetsklinikum-salzburg","status":"publish","type":"page","link":"https:\/\/www.traumanetzsalzburg.at\/tnw2015\/teilnehmende-kliniken\/universitaetsklinikum-salzburg\/","title":{"rendered":"Universit\u00e4tsklinikum Salzburg"},"content":{"rendered":"<div id=\"pl-764\"  class=\"panel-layout\" ><div id=\"pg-764-0\"  class=\"panel-grid panel-no-style\" ><div id=\"pgc-764-0-0\"  class=\"panel-grid-cell\" ><div id=\"panel-764-0-0-0\" class=\"so-panel widget widget_sow-button panel-first-child panel-last-child\" data-index=\"0\" ><div\n\t\t\t\n\t\t\tclass=\"so-widget-sow-button so-widget-sow-button-flat-88c5e6458a58-764\"\n\t\t\t\n\t\t><div class=\"ow-button-base ow-button-align-center\">\n\t<a\n\thref=\"http:\/\/www.traumanetzsalzburg.at\/tnw2015\/teilnehmende-kliniken\/universitaetsklinikum-salzburg\/universitaetsklinik-fuer-orthopaedie-und-traumatologie-am-universitaetsklinikum-salzburg\/\"\n\t\tclass=\"ow-icon-placement-left ow-button-hover\" \t>\n\t\t<span>\n\t\t\t\n\t\t\tUniversit\u00e4tsklinik f\u00fcr Orthop\u00e4die und Traumatologie\t\t<\/span>\n\t<\/a>\n<\/div>\n<\/div><\/div><\/div><div id=\"pgc-764-0-1\"  class=\"panel-grid-cell\" ><div id=\"panel-764-0-1-0\" class=\"so-panel widget widget_sow-button panel-first-child panel-last-child\" data-index=\"1\" ><div\n\t\t\t\n\t\t\tclass=\"so-widget-sow-button so-widget-sow-button-flat-88c5e6458a58-764\"\n\t\t\t\n\t\t><div class=\"ow-button-base ow-button-align-center\">\n\t<a\n\thref=\"http:\/\/www.traumanetzsalzburg.at\/tnw2015\/teilnehmende-kliniken\/universitaetsklinikum-salzburg\/universitaetsklinik-fuer-kinderchirurgie-am-universitaetsklinikum-salzburg-2\/\"\n\t\tclass=\"ow-icon-placement-left ow-button-hover\" \t>\n\t\t<span>\n\t\t\t\n\t\t\tUniversit\u00e4tsklinik f\u00fcr Kinder- und Jugendchirurgie\t\t<\/span>\n\t<\/a>\n<\/div>\n<\/div><\/div><\/div><\/div><div id=\"pg-764-1\"  class=\"panel-grid panel-no-style\" ><div id=\"pgc-764-1-0\"  class=\"panel-grid-cell\" ><div id=\"panel-764-1-0-0\" class=\"so-panel widget widget_sow-image panel-first-child panel-last-child\" data-index=\"2\" ><div\n\t\t\t\n\t\t\tclass=\"so-widget-sow-image so-widget-sow-image-default-8b5b6f678277-764\"\n\t\t\t\n\t\t>\n\n<div class=\"sow-image-container\">\n\t\t<img src=\"https:\/\/www.traumanetzsalzburg.at\/tnw2015\/wp-content\/uploads\/2017\/11\/UK_LKH_logo_RGB-1.jpg\" width=\"1299\" height=\"709\" srcset=\"https:\/\/www.traumanetzsalzburg.at\/tnw2015\/wp-content\/uploads\/2017\/11\/UK_LKH_logo_RGB-1.jpg 1299w, https:\/\/www.traumanetzsalzburg.at\/tnw2015\/wp-content\/uploads\/2017\/11\/UK_LKH_logo_RGB-1-300x164.jpg 300w, https:\/\/www.traumanetzsalzburg.at\/tnw2015\/wp-content\/uploads\/2017\/11\/UK_LKH_logo_RGB-1-768x419.jpg 768w, https:\/\/www.traumanetzsalzburg.at\/tnw2015\/wp-content\/uploads\/2017\/11\/UK_LKH_logo_RGB-1-1024x559.jpg 1024w\" sizes=\"(max-width: 1299px) 100vw, 1299px\" title=\"UK_LKH_logo_RGB\" alt=\"\" loading=\"lazy\" \t\tclass=\"so-widget-image img-responsive\"\/>\n\t<\/div>\n\n<\/div><\/div><\/div><\/div><\/div>","protected":false},"excerpt":{"rendered":"<p>Universit\u00e4tsklinik f\u00fcr Orthop\u00e4die und Traumatologie Universit\u00e4tsklinik f\u00fcr Kinder- und Jugendchirurgie<\/p>\n","protected":false},"author":2,"featured_media":0,"parent":6,"menu_order":8,"comment_status":"closed","ping_status":"closed","template":"page-submenu.php","meta":[],"_links":{"self":[{"href":"https:\/\/www.traumanetzsalzburg.at\/tnw2015\/wp-json\/wp\/v2\/pages\/764"}],"collection":[{"href":"https:\/\/www.traumanetzsalzburg.at\/tnw2015\/wp-json\/wp\/v2\/pages"}],"about":[{"href":"https:\/\/www.traumanetzsalzburg.at\/tnw2015\/wp-json\/wp\/v2\/types\/page"}],"author":[{"embeddable":true,"href":"https:\/\/www.traumanetzsalzburg.at\/tnw2015\/wp-json\/wp\/v2\/users\/2"}],"replies":[{"embeddable":true,"href":"https:\/\/www.traumanetzsalzburg.at\/tnw2015\/wp-json\/wp\/v2\/comments?post=764"}],"version-history":[{"count":6,"href":"https:\/\/www.traumanetzsalzburg.at\/tnw2015\/wp-json\/wp\/v2\/pages\/764\/revisions"}],"predecessor-version":[{"id":827,"href":"https:\/\/www.traumanetzsalzburg.at\/tnw2015\/wp-json\/wp\/v2\/pages\/764\/revisions\/827"}],"up":[{"embeddable":true,"href":"https:\/\/www.traumanetzsalzburg.at\/tnw2015\/wp-json\/wp\/v2\/pages\/6"}],"wp:attachment":[{"href":"https:\/\/www.traumanetzsalzburg.at\/tnw2015\/wp-json\/wp\/v2\/media?parent=764"}],"curies":[{"name":"wp","href":"https:\/\/api.w.org\/{rel}","templated":true}]}}